{"id":2304,"date":"2025-04-24T10:57:56","date_gmt":"2025-04-24T16:57:56","guid":{"rendered":"https:\/\/agencias.costaverde.com\/?page_id=2304"},"modified":"2025-04-24T13:26:02","modified_gmt":"2025-04-24T19:26:02","slug":"politicas-2","status":"publish","type":"page","link":"https:\/\/agencias.costaverde.com\/index.php\/politicas-2\/","title":{"rendered":"Politicas"},"content":{"rendered":"\t\t<div data-elementor-type=\"wp-page\" data-elementor-id=\"2304\" class=\"elementor elementor-2304\">\n\t\t\t\t\t\t<section class=\"elementor-section elementor-top-section elementor-element elementor-element-230d2c7a elementor-section-boxed elementor-section-height-default elementor-section-height-default\" data-id=\"230d2c7a\" data-element_type=\"section\" data-e-type=\"section\" data-settings=\"{&quot;background_background&quot;:&quot;classic&quot;}\">\n\t\t\t\t\t\t<div class=\"elementor-container elementor-column-gap-default\">\n\t\t\t\t\t<div class=\"elementor-column elementor-col-100 elementor-top-column elementor-element elementor-element-66f4310c\" data-id=\"66f4310c\" data-element_type=\"column\" data-e-type=\"column\">\n\t\t\t<div class=\"elementor-widget-wrap elementor-element-populated\">\n\t\t\t\t\t\t<section class=\"elementor-section elementor-inner-section elementor-element elementor-element-6f25cb16 elementor-section-boxed elementor-section-height-default elementor-section-height-default\" data-id=\"6f25cb16\" data-element_type=\"section\" data-e-type=\"section\">\n\t\t\t\t\t\t<div class=\"elementor-container elementor-column-gap-default\">\n\t\t\t\t\t<div class=\"elementor-column elementor-col-100 elementor-inner-column elementor-element elementor-element-34c17973\" data-id=\"34c17973\" data-element_type=\"column\" data-e-type=\"column\">\n\t\t\t<div class=\"elementor-widget-wrap elementor-element-populated\">\n\t\t\t\t\t\t<div class=\"elementor-element elementor-element-42907769 elementor-widget elementor-widget-elementskit-heading\" data-id=\"42907769\" data-element_type=\"widget\" data-e-type=\"widget\" data-widget_type=\"elementskit-heading.default\">\n\t\t\t\t<div class=\"elementor-widget-container\">\n\t\t\t\t\t<div class=\"ekit-wid-con\" ><div class=\"ekit-heading elementskit-section-title-wraper text_left   ekit_heading_tablet-   ekit_heading_mobile-\"><h2 class=\"ekit-heading--title elementskit-section-title \">Lo que el Huesped debe saber <br> Antes del Ingreso al Hotel<\/h2><\/div><\/div>\t\t\t\t<\/div>\n\t\t\t\t<\/div>\n\t\t\t\t\t<\/div>\n\t\t<\/div>\n\t\t\t\t\t<\/div>\n\t\t<\/section>\n\t\t\t\t\t<\/div>\n\t\t<\/div>\n\t\t\t\t\t<\/div>\n\t\t<\/section>\n\t\t\t\t<section class=\"elementor-section elementor-top-section elementor-element elementor-element-3aa9a78b elementor-section-boxed elementor-section-height-default elementor-section-height-default\" data-id=\"3aa9a78b\" data-element_type=\"section\" data-e-type=\"section\" id=\"xs_tab_9\" data-settings=\"{&quot;background_background&quot;:&quot;classic&quot;}\">\n\t\t\t\t\t\t<div class=\"elementor-container elementor-column-gap-default\">\n\t\t\t\t\t<div class=\"elementor-column elementor-col-100 elementor-top-column elementor-element elementor-element-758e7ebd\" data-id=\"758e7ebd\" data-element_type=\"column\" data-e-type=\"column\">\n\t\t\t<div class=\"elementor-widget-wrap elementor-element-populated\">\n\t\t\t\t\t\t<div class=\"elementor-element elementor-element-39390a67 elementor-widget elementor-widget-elementskit-heading\" data-id=\"39390a67\" data-element_type=\"widget\" data-e-type=\"widget\" data-widget_type=\"elementskit-heading.default\">\n\t\t\t\t<div class=\"elementor-widget-container\">\n\t\t\t\t\t<div class=\"ekit-wid-con\" ><div class=\"ekit-heading elementskit-section-title-wraper center   ekit_heading_tablet-   ekit_heading_mobile-\"><h2 class=\"ekit-heading--title elementskit-section-title \">Pol\u00edticas de Cancelaci\u00f3n y Reembolso<\/h2><div class=\"ekit_heading_separetor_wraper ekit_heading_elementskit-border-divider ekit-dotted\"><div class=\"elementskit-border-divider ekit-dotted\"><\/div><\/div>\t\t\t\t<div class='ekit-heading__description'>\n\t\t\t\t\t<p>Para asegurar una experiencia clara y sin inconvenientes, a continuaci\u00f3n se detallan las pol\u00edticas de cancelaci\u00f3n y reembolso del Hotel Costa Verde. Estas pol\u00edticas se aplican a todas las reservaciones y est\u00e1n dise\u00f1adas para proporcionar flexibilidad y claridad tanto para nuestras agencias colaboradoras como para los hu\u00e9spedes.<\/p>\n\t\t\t\t<\/div>\n\t\t\t<\/div><\/div>\t\t\t\t<\/div>\n\t\t\t\t<\/div>\n\t\t\t\t<section class=\"elementor-section elementor-inner-section elementor-element elementor-element-52a5b09f elementor-section-boxed elementor-section-height-default elementor-section-height-default\" data-id=\"52a5b09f\" data-element_type=\"section\" data-e-type=\"section\">\n\t\t\t\t\t\t<div class=\"elementor-container elementor-column-gap-default\">\n\t\t\t\t\t<div class=\"elementor-column elementor-col-100 elementor-inner-column elementor-element elementor-element-258c309e\" data-id=\"258c309e\" data-element_type=\"column\" data-e-type=\"column\">\n\t\t\t<div class=\"elementor-widget-wrap elementor-element-populated\">\n\t\t\t\t\t\t<div class=\"elementor-element elementor-element-c163dc2 elementor-widget elementor-widget-elementskit-simple-tab\" data-id=\"c163dc2\" data-element_type=\"widget\" data-e-type=\"widget\" data-widget_type=\"elementskit-simple-tab.default\">\n\t\t\t\t<div class=\"elementor-widget-container\">\n\t\t\t\t\t<div class=\"ekit-wid-con\" >        <div class=\"elementkit-tab-wraper vertical  elementskit-fitcontent-tab \">\n            <ul class=\"nav nav-tabs elementkit-tab-nav \">\n                                    <li class=\"elementkit-nav-item elementor-repeater-item-e7fb3c4\">\n                        <a class=\"elementkit-nav-link  active show left-pos\" id=\"content-e7fb3c469e72e805bb34-tab\" data-ekit-handler-id=\"temporada-verde-y-alta-\" data-ekit-toggle=\"tab\" data-target=\"#content-e7fb3c469e72e805bb34\" href=\"#Content-e7fb3c469e72e805bb34\"\n                            data-ekit-toggle-trigger=\"click\"\n                            aria-describedby=\"Content-e7fb3c469e72e805bb34\">\n                            <span class=\"icon icon-edit1 elementskit-tab-icon\"><\/span>                            <span class=\"elementskit-tab-title\"> Temporada Verde y Alta <\/span>\n                        <\/a>\n                    <\/li>\n                                        <li class=\"elementkit-nav-item elementor-repeater-item-9077dfd\">\n                        <a class=\"elementkit-nav-link  left-pos\" id=\"content-9077dfd69e72e805bb34-tab\" data-ekit-handler-id=\"temporada-pico-\" data-ekit-toggle=\"tab\" data-target=\"#content-9077dfd69e72e805bb34\" href=\"#Content-9077dfd69e72e805bb34\"\n                            data-ekit-toggle-trigger=\"click\"\n                            aria-describedby=\"Content-9077dfd69e72e805bb34\">\n                            <span class=\"icon icon-edit1 elementskit-tab-icon\"><\/span>                            <span class=\"elementskit-tab-title\"> Temporada Pico <\/span>\n                        <\/a>\n                    <\/li>\n                                        <li class=\"elementkit-nav-item elementor-repeater-item-00f52ae\">\n                        <a class=\"elementkit-nav-link  left-pos\" id=\"content-00f52ae69e72e805bb34-tab\" data-ekit-handler-id=\"pol-ticas-para-grupos\" data-ekit-toggle=\"tab\" data-target=\"#content-00f52ae69e72e805bb34\" href=\"#Content-00f52ae69e72e805bb34\"\n                            data-ekit-toggle-trigger=\"click\"\n                            aria-describedby=\"Content-00f52ae69e72e805bb34\">\n                            <span class=\"icon icon-edit1 elementskit-tab-icon\"><\/span>                            <span class=\"elementskit-tab-title\"> Pol\u00edticas para Grupos<\/span>\n                        <\/a>\n                    <\/li>\n                                <\/ul>\n\n            <div class=\"tab-content elementkit-tab-content\">\n                                    <div class=\"tab-pane elementkit-tab-pane elementor-repeater-item-e7fb3c4  active show\" id=\"content-e7fb3c469e72e805bb34\" role=\"tabpanel\"\n                         aria-labelledby=\"content-e7fb3c469e72e805bb34-tab\">\n                        <div class=\"animated fadeIn\">\n                            <ul><li><strong>Fechas:<\/strong> 2 de enero &#8211; 23 de diciembre<\/li><li><strong>Cancelaciones con m\u00e1s de 23 d\u00edas de antelaci\u00f3n<\/strong>: Reembolso del 100%.<\/li><li><strong>Cancelaciones entre 22 y 15 d\u00edas antes de la llegada<\/strong>: Cargo del 25%.<\/li><li><strong>Cancelaciones entre 14 y 7 d\u00edas antes de la llegada<\/strong>: Cargo del 50%.<\/li><li><strong>Cancelaciones con menos de 7 d\u00edas de antelaci\u00f3n<\/strong>: No se realizar\u00e1 reembolso.<\/li><li><strong>Tiempo de Reembolso<\/strong>: Los reembolsos pueden demorar entre 22 y 30 d\u00edas h\u00e1biles dependiendo del banco.<\/li><\/ul>                        <\/div>\n                    <\/div>\n                                    <div class=\"tab-pane elementkit-tab-pane elementor-repeater-item-9077dfd \" id=\"content-9077dfd69e72e805bb34\" role=\"tabpanel\"\n                         aria-labelledby=\"content-9077dfd69e72e805bb34-tab\">\n                        <div class=\"animated fadeIn\">\n                            <ul><li><strong>Fecha: <\/strong>Navidad y A\u00f1o Nuevo<\/li><li><strong>Cualquier cancelaci\u00f3n<\/strong>: Cargo del 25%.<\/li><li><strong>Cancelaciones entre 22 y 15 d\u00edas antes de la llegada<\/strong>: Cargo del 50%.<\/li><li><strong>Cancelaciones con 14 d\u00edas o menos de antelaci\u00f3n<\/strong>: No se realizar\u00e1 reembolso.<\/li><li><strong>Reservaciones en Temporada Pico<\/strong>: Se aplicar\u00e1 un m\u00ednimo de noches de estancia.<\/li><li><strong>M\u00e1ximo de habitaciones<\/strong>: Por Agencia no se aceptan m\u00e1s de 3 habitaciones.<\/li><li><strong>Tiempo de Reembolso<\/strong>: Los reembolsos pueden demorar entre 22 y 30 d\u00edas h\u00e1biles dependiendo del banco.<\/li><\/ul>                        <\/div>\n                    <\/div>\n                                    <div class=\"tab-pane elementkit-tab-pane elementor-repeater-item-00f52ae \" id=\"content-00f52ae69e72e805bb34\" role=\"tabpanel\"\n                         aria-labelledby=\"content-00f52ae69e72e805bb34-tab\">\n                        <div class=\"animated fadeIn\">\n                            <ul><li><strong>Reservaciones de Grupos<\/strong>: Se consideran grupos las reservaciones que incluyan cuatro o m\u00e1s habitaciones.<\/li><li><strong>Tarifas para Grupos<\/strong>: Las tarifas grupales son las mismas que las tarifas individuales, con una comisi\u00f3n aplicada del 20%.<\/li><li><strong>Reservaciones de M\u00e1s de 10 Habitaciones<\/strong>: El 25% del monto total debe pagarse al menos seis meses antes, y el 75% restante un mes antes de la llegada. El 25% inicial no es reembolsable.<\/li><li><strong>Meses de Aceptaci\u00f3n para Reservas de Grupos<\/strong>: Mayo, junio, septiembre, octubre y noviembre.<\/li><li><strong>Provisi\u00f3n de Cortes\u00edas<\/strong>: La provisi\u00f3n de cortes\u00edas para gu\u00edas o conductores se evaluar\u00e1 caso por caso.<\/li><\/ul>                        <\/div>\n                    <\/div>\n                                \n            <\/div>\n                    <\/div>\n    <\/div>\t\t\t\t<\/div>\n\t\t\t\t<\/div>\n\t\t\t\t\t<\/div>\n\t\t<\/div>\n\t\t\t\t\t<\/div>\n\t\t<\/section>\n\t\t\t\t\t<\/div>\n\t\t<\/div>\n\t\t\t\t\t<\/div>\n\t\t<\/section>\n\t\t\t\t<section class=\"elementor-section elementor-top-section elementor-element elementor-element-66649b10 elementor-section-boxed elementor-section-height-default elementor-section-height-default\" data-id=\"66649b10\" data-element_type=\"section\" data-e-type=\"section\" id=\"xs_faq_5\">\n\t\t\t\t\t\t<div class=\"elementor-container elementor-column-gap-default\">\n\t\t\t\t\t<div class=\"elementor-column elementor-col-100 elementor-top-column elementor-element elementor-element-6149af0a\" data-id=\"6149af0a\" data-element_type=\"column\" data-e-type=\"column\">\n\t\t\t<div class=\"elementor-widget-wrap elementor-element-populated\">\n\t\t\t\t\t\t<div class=\"elementor-element elementor-element-28cd930d elementor-widget elementor-widget-elementskit-heading\" data-id=\"28cd930d\" data-element_type=\"widget\" data-e-type=\"widget\" data-widget_type=\"elementskit-heading.default\">\n\t\t\t\t<div class=\"elementor-widget-container\">\n\t\t\t\t\t<div class=\"ekit-wid-con\" ><div class=\"ekit-heading elementskit-section-title-wraper center   ekit_heading_tablet-   ekit_heading_mobile-\"><h2 class=\"ekit-heading--title elementskit-section-title \">Informaci\u00f3n Extra Sobre las Politicas<\/h2><div class=\"ekit_heading_separetor_wraper ekit_heading_elementskit-border-divider ekit-dotted\"><div class=\"elementskit-border-divider ekit-dotted\"><\/div><\/div><\/div><\/div>\t\t\t\t<\/div>\n\t\t\t\t<\/div>\n\t\t\t\t<section class=\"elementor-section elementor-inner-section elementor-element elementor-element-1899afc2 elementor-section-boxed elementor-section-height-default elementor-section-height-default\" data-id=\"1899afc2\" data-element_type=\"section\" data-e-type=\"section\">\n\t\t\t\t\t\t<div class=\"elementor-container elementor-column-gap-default\">\n\t\t\t\t\t<div class=\"elementor-column elementor-col-50 elementor-inner-column elementor-element elementor-element-5039467c\" data-id=\"5039467c\" data-element_type=\"column\" data-e-type=\"column\">\n\t\t\t<div class=\"elementor-widget-wrap elementor-element-populated\">\n\t\t\t\t\t\t<div class=\"elementor-element elementor-element-54e9a80c elementor-widget elementor-widget-elementskit-faq\" data-id=\"54e9a80c\" data-element_type=\"widget\" data-e-type=\"widget\" data-widget_type=\"elementskit-faq.default\">\n\t\t\t\t<div class=\"elementor-widget-container\">\n\t\t\t\t\t<div class=\"ekit-wid-con\" >\n                <div class=\"elementskit-single-faq elementor-repeater-item-ccb3fc9\">\n            <div class=\"elementskit-faq-header\">\n                <h2 class=\"elementskit-faq-title\">Reembolso de Dep\u00f3sitos Excedentes:<\/h2>\n            <\/div>\n            <div class=\"elementskit-faq-body\">\n                i se realiza un dep\u00f3sito por un monto mayor al requerido, el excedente ser\u00e1 devuelto a la misma cuenta bancaria desde la cual se realiz\u00f3 el pago. .            <\/div>\n        <\/div>\n                <div class=\"elementskit-single-faq elementor-repeater-item-1219655\">\n            <div class=\"elementskit-faq-header\">\n                <h2 class=\"elementskit-faq-title\">Error en el Monto de la Reservaci\u00f3n:<\/h2>\n            <\/div>\n            <div class=\"elementskit-faq-body\">\n                Si por error enviamos una solicitud con un monto inferior al que indican nuestras tarifas oficiales, la tarifa v\u00e1lida ser\u00e1 la publicada en nuestras plataformas oficiales. En tal caso, nos pondremos en contacto para solicitar el pago del saldo pendiente.            <\/div>\n        <\/div>\n                <div class=\"elementskit-single-faq elementor-repeater-item-31ebcfd\">\n            <div class=\"elementskit-faq-header\">\n                <h2 class=\"elementskit-faq-title\">Comprobante de Pago No Enviado:<\/h2>\n            <\/div>\n            <div class=\"elementskit-faq-body\">\n                Si no recibimos el comprobante de pago dentro del plazo estipulado, la reservaci\u00f3n corre el riesgo de ser cancelada. En este caso, el espacio reservado podr\u00eda ser asignado a otro cliente.            <\/div>\n        <\/div>\n                \n    <\/div>\t\t\t\t<\/div>\n\t\t\t\t<\/div>\n\t\t\t\t\t<\/div>\n\t\t<\/div>\n\t\t\t\t<div class=\"elementor-column elementor-col-50 elementor-inner-column elementor-element elementor-element-24ce775a\" data-id=\"24ce775a\" data-element_type=\"column\" data-e-type=\"column\">\n\t\t\t<div class=\"elementor-widget-wrap elementor-element-populated\">\n\t\t\t\t\t\t<div class=\"elementor-element elementor-element-29271cc4 elementor-widget elementor-widget-elementskit-faq\" data-id=\"29271cc4\" data-element_type=\"widget\" data-e-type=\"widget\" data-widget_type=\"elementskit-faq.default\">\n\t\t\t\t<div class=\"elementor-widget-container\">\n\t\t\t\t\t<div class=\"ekit-wid-con\" >\n                <div class=\"elementskit-single-faq elementor-repeater-item-e12c595\">\n            <div class=\"elementskit-faq-header\">\n                <h2 class=\"elementskit-faq-title\">Pagos Parciales:<\/h2>\n            <\/div>\n            <div class=\"elementskit-faq-body\">\n                No se aceptan pagos parciales. El pago del 100% del monto de la reservaci\u00f3n debe realizarse al menos 22 d\u00edas antes de la llegada del cliente. No cumplir con este requisito puede resultar en la cancelaci\u00f3n de la reservaci\u00f3n.            <\/div>\n        <\/div>\n                <div class=\"elementskit-single-faq elementor-repeater-item-5f94b9e\">\n            <div class=\"elementskit-faq-header\">\n                <h2 class=\"elementskit-faq-title\">Cancelaciones por Fuerza Mayor:<\/h2>\n            <\/div>\n            <div class=\"elementskit-faq-body\">\n                En caso de que sea necesario cancelar por motivos de fuerza mayor, cada situaci\u00f3n ser\u00e1 evaluada de manera individual. Se debe enviar un correo electr\u00f3nico explicando el motivo de la cancelaci\u00f3n, acompa\u00f1ado de pruebas si es posible. La decisi\u00f3n final ser\u00e1 tomada con base en la informaci\u00f3n proporcionada.            <\/div>\n        <\/div>\n                \n    <\/div>\t\t\t\t<\/div>\n\t\t\t\t<\/div>\n\t\t\t\t\t<\/div>\n\t\t<\/div>\n\t\t\t\t\t<\/div>\n\t\t<\/section>\n\t\t\t\t\t<\/div>\n\t\t<\/div>\n\t\t\t\t\t<\/div>\n\t\t<\/section>\n\t\t\t\t<\/div>\n\t\t","protected":false},"excerpt":{"rendered":"<p>Lo que el Huesped debe saber Antes del Ingreso al Hotel Pol\u00edticas de Cancelaci\u00f3n y Reembolso Para asegurar una experiencia [&hellip;]<\/p>\n","protected":false},"author":2,"featured_media":0,"parent":0,"menu_order":0,"comment_status":"closed","ping_status":"closed","template":"","meta":{"_uag_custom_page_level_css":"","site-sidebar-layout":"no-sidebar","site-content-layout":"","ast-site-content-layout":"full-width-container","site-content-style":"default","site-sidebar-style":"default","ast-global-header-display":"","ast-banner-title-visibility":"","ast-main-header-display":"","ast-hfb-above-header-display":"","ast-hfb-below-header-display":"","ast-hfb-mobile-header-display":"","site-post-title":"disabled","ast-breadcrumbs-content":"","ast-featured-img":"disabled","footer-sml-layout":"","theme-transparent-header-meta":"","adv-header-id-meta":"","stick-header-meta":"","header-above-stick-meta":"","header-main-stick-meta":"","header-below-stick-meta":"","astra-migrate-meta-layouts":"default","ast-page-background-enabled":"default","ast-page-background-meta":{"desktop":{"background-color":"var(--ast-global-color-4)","background-image":"","background-repeat":"repeat","background-position":"center center","background-size":"auto","background-attachment":"scroll","background-type":"","background-media":"","overlay-type":"","overlay-color":"","overlay-opacity":"","overlay-gradient":""},"tablet":{"background-color":"","background-image":"","background-repeat":"repeat","background-position":"center center","background-size":"auto","background-attachment":"scroll","background-type":"","background-media":"","overlay-type":"","overlay-color":"","overlay-opacity":"","overlay-gradient":""},"mobile":{"background-color":"","background-image":"","background-repeat":"repeat","background-position":"center center","background-size":"auto","background-attachment":"scroll","background-type":"","background-media":"","overlay-type":"","overlay-color":"","overlay-opacity":"","overlay-gradient":""}},"ast-content-background-meta":{"desktop":{"background-color":"var(--ast-global-color-5)","background-image":"","background-repeat":"repeat","background-position":"center center","background-size":"auto","background-attachment":"scroll","background-type":"","background-media":"","overlay-type":"","overlay-color":"","overlay-opacity":"","overlay-gradient":""},"tablet":{"background-color":"var(--ast-global-color-5)","background-image":"","background-repeat":"repeat","background-position":"center center","background-size":"auto","background-attachment":"scroll","background-type":"","background-media":"","overlay-type":"","overlay-color":"","overlay-opacity":"","overlay-gradient":""},"mobile":{"background-color":"var(--ast-global-color-5)","background-image":"","background-repeat":"repeat","background-position":"center center","background-size":"auto","background-attachment":"scroll","background-type":"","background-media":"","overlay-type":"","overlay-color":"","overlay-opacity":"","overlay-gradient":""}},"footnotes":""},"class_list":["post-2304","page","type-page","status-publish","hentry"],"uagb_featured_image_src":{"full":false,"thumbnail":false,"medium":false,"medium_large":false,"large":false,"1536x1536":false,"2048x2048":false},"uagb_author_info":{"display_name":"Ronald Tapia","author_link":"https:\/\/agencias.costaverde.com\/index.php\/author\/ronald\/"},"uagb_comment_info":0,"uagb_excerpt":"Lo que el Huesped debe saber Antes del Ingreso al Hotel Pol\u00edticas de Cancelaci\u00f3n y Reembolso Para asegurar una experiencia [&hellip;]","_links":{"self":[{"href":"https:\/\/agencias.costaverde.com\/index.php\/wp-json\/wp\/v2\/pages\/2304","targetHints":{"allow":["GET"]}}],"collection":[{"href":"https:\/\/agencias.costaverde.com\/index.php\/wp-json\/wp\/v2\/pages"}],"about":[{"href":"https:\/\/agencias.costaverde.com\/index.php\/wp-json\/wp\/v2\/types\/page"}],"author":[{"embeddable":true,"href":"https:\/\/agencias.costaverde.com\/index.php\/wp-json\/wp\/v2\/users\/2"}],"replies":[{"embeddable":true,"href":"https:\/\/agencias.costaverde.com\/index.php\/wp-json\/wp\/v2\/comments?post=2304"}],"version-history":[{"count":3,"href":"https:\/\/agencias.costaverde.com\/index.php\/wp-json\/wp\/v2\/pages\/2304\/revisions"}],"predecessor-version":[{"id":2308,"href":"https:\/\/agencias.costaverde.com\/index.php\/wp-json\/wp\/v2\/pages\/2304\/revisions\/2308"}],"wp:attachment":[{"href":"https:\/\/agencias.costaverde.com\/index.php\/wp-json\/wp\/v2\/media?parent=2304"}],"curies":[{"name":"wp","href":"https:\/\/api.w.org\/{rel}","templated":true}]}}